{"id":1284,"date":"2023-03-25T18:46:24","date_gmt":"2023-03-25T18:46:24","guid":{"rendered":"http:\/\/www.bbarryavocat.com\/index.html\/?page_id=1284"},"modified":"2024-03-29T06:48:59","modified_gmt":"2024-03-29T06:48:59","slug":"a-propos","status":"publish","type":"page","link":"https:\/\/www.bbarryavocat.com\/index.html\/a-propos\/","title":{"rendered":"A propos"},"content":{"rendered":"<div class=\"wpb-content-wrapper\"><p>[vc_row full_width=\u00a0\u00bbstretch_row\u00a0\u00bb full_height=\u00a0\u00bbyes\u00a0\u00bb css=\u00a0\u00bb.vc_custom_1701313783617{border-top-width: 1px !important;background-color: #1083cf !important;background-position: center !important;background-repeat: no-repeat !important;background-size: cover !important;border-top-color: #eeeeee !important;}\u00a0\u00bb][vc_column width=\u00a0\u00bb1\/2&Prime;][vc_single_image image=\u00a0\u00bb1442&Prime; img_size=\u00a0\u00bbfull\u00a0\u00bb][\/vc_column][vc_column width=\u00a0\u00bb1\/2&Prime;][vc_custom_heading text=\u00a0\u00bbBoubacar Barry\u00a0\u00bb font_container=\u00a0\u00bbtag:h2|text_align:left|color:%23ffffff\u00a0\u00bb use_theme_fonts=\u00a0\u00bbyes\u00a0\u00bb][vc_custom_heading text=\u00a0\u00bbFondateur de Barry Avocat\u00a0\u00bb font_container=\u00a0\u00bbtag:p|text_align:left|color:%23ffffff\u00a0\u00bb use_theme_fonts=\u00a0\u00bbyes\u00a0\u00bb css=\u00a0\u00bb.vc_custom_1701233217401{margin-bottom: 25px !important;}\u00a0\u00bb][vc_column_text]<span data-contrast=\"auto\">BBarry avocat est un cabinet situ\u00e9 dans la grande r\u00e9gion de Montr\u00e9al qui offre son expertise dans divers domaines du droit civil et commercial.<\/span><span data-ccp-props=\"{&quot;201341983&quot;:0,&quot;335559739&quot;:200,&quot;335559740&quot;:276}\">\u00a0<\/span><\/p>\n<p><b><span data-contrast=\"auto\">A PROPOS:<\/span><\/b><span data-ccp-props=\"{&quot;201341983&quot;:0,&quot;335559739&quot;:200,&quot;335559740&quot;:276}\">\u00a0<\/span><\/p>\n<p><span data-contrast=\"auto\">Me Barry Boubacar est un avocat inscrit au barreau du Qu\u00e9bec. Il est titulaire d&rsquo;une Licence en droit ainsi que d\u2019une Ma\u00eetrise en Droit des Affaires sp\u00e9cialis\u00e9e en Banque et Assurances obtenu en France. Il a \u00e9galement compl\u00e9t\u00e9 ses \u00e9quivalences du baccalaur\u00e9at en droit (<\/span><b><span data-contrast=\"auto\">LLB<\/span><\/b><span data-contrast=\"auto\">) \u00e0 l&rsquo;Universit\u00e9 de Montr\u00e9al.<\/span><span data-ccp-props=\"{&quot;201341983&quot;:0,&quot;335559739&quot;:200,&quot;335559740&quot;:276}\">\u00a0<\/span><\/p>\n<p><span data-contrast=\"auto\">Fort d&rsquo;une exp\u00e9rience professionnelle de plus de 10 ans comme juriste, avocat et gestionnaire notamment au sein d\u2019entreprises leaders du march\u00e9 de l\u2019industrie de l&rsquo;assurance, Me Barry a d\u00e9velopp\u00e9 une expertise transversale en lien avec plusieurs domaines de l\u2019activit\u00e9 \u00e9conomique des entreprises qui lui permet de comprendre les besoins des clients et de les conseiller ad\u00e9quatement.<\/span><span data-ccp-props=\"{&quot;201341983&quot;:0,&quot;335559739&quot;:200,&quot;335559740&quot;:276}\">\u00a0<\/span><\/p>\n<p style=\"text-align: left;\"><strong>Nos valeurs<\/strong>: <em>Transparence<\/em>, <em>dynamisme et rigueur<\/em>.<\/p>\n<p>[\/vc_column_text][\/vc_column][\/vc_row]<\/p>\n<\/div>","protected":false},"excerpt":{"rendered":"<p>[vc_row full_width=\u00a0\u00bbstretch_row\u00a0\u00bb full_height=\u00a0\u00bbyes\u00a0\u00bb css=\u00a0\u00bb.vc_custom_1701313783617{border-top-width: 1px !important;background-color: #1083cf !important;background-position: center !important;background-repeat: no-repeat !important;background-size: cover !important;border-top-color: #eeeeee !important;}\u00a0\u00bb][vc_column width=\u00a0\u00bb1\/2&Prime;][vc_single_image image=\u00a0\u00bb1442&Prime; img_size=\u00a0\u00bbfull\u00a0\u00bb][\/vc_column][vc_column width=\u00a0\u00bb1\/2&Prime;][vc_custom_heading text=\u00a0\u00bbBoubacar Barry\u00a0\u00bb font_container=\u00a0\u00bbtag:h2|text_align:left|color:%23ffffff\u00a0\u00bb use_theme_fonts=\u00a0\u00bbyes\u00a0\u00bb][vc_custom_heading text=\u00a0\u00bbFondateur de Barry Avocat\u00a0\u00bb font_container=\u00a0\u00bbtag:p|text_align:left|color:%23ffffff\u00a0\u00bb use_theme_fonts=\u00a0\u00bbyes\u00a0\u00bb css=\u00a0\u00bb.vc_custom_1701233217401{margin-bottom: 25px !important;}\u00a0\u00bb][vc_column_text]BBarry avocat est un cabinet situ\u00e9 dans la grande r\u00e9gion de Montr\u00e9al qui offre son expertise dans divers domaines du droit civil et&hellip;<\/p>\n","protected":false},"author":1,"featured_media":0,"parent":0,"menu_order":0,"comment_status":"closed","ping_status":"closed","template":"","meta":{"_acf_changed":false,"footnotes":""},"class_list":["post-1284","page","type-page","status-publish","hentry"],"acf":[],"_links":{"self":[{"href":"https:\/\/www.bbarryavocat.com\/index.html\/wp-json\/wp\/v2\/pages\/1284","targetHints":{"allow":["GET"]}}],"collection":[{"href":"https:\/\/www.bbarryavocat.com\/index.html\/wp-json\/wp\/v2\/pages"}],"about":[{"href":"https:\/\/www.bbarryavocat.com\/index.html\/wp-json\/wp\/v2\/types\/page"}],"author":[{"embeddable":true,"href":"https:\/\/www.bbarryavocat.com\/index.html\/wp-json\/wp\/v2\/users\/1"}],"replies":[{"embeddable":true,"href":"https:\/\/www.bbarryavocat.com\/index.html\/wp-json\/wp\/v2\/comments?post=1284"}],"version-history":[{"count":21,"href":"https:\/\/www.bbarryavocat.com\/index.html\/wp-json\/wp\/v2\/pages\/1284\/revisions"}],"predecessor-version":[{"id":1446,"href":"https:\/\/www.bbarryavocat.com\/index.html\/wp-json\/wp\/v2\/pages\/1284\/revisions\/1446"}],"wp:attachment":[{"href":"https:\/\/www.bbarryavocat.com\/index.html\/wp-json\/wp\/v2\/media?parent=1284"}],"curies":[{"name":"wp","href":"https:\/\/api.w.org\/{rel}","templated":true}]}}