{"id":21,"date":"2018-07-09T14:04:14","date_gmt":"2018-07-09T14:04:14","guid":{"rendered":"http:\/\/demo-content.kaliumtheme.com\/law\/?page_id=21"},"modified":"2024-03-19T21:06:05","modified_gmt":"2024-03-19T21:06:05","slug":"home","status":"publish","type":"page","link":"https:\/\/www.bbarryavocat.com\/index.html\/","title":{"rendered":"Accueil"},"content":{"rendered":"<div class=\"wpb-content-wrapper\"><p>[vc_row full_width=\u00a0\u00bbstretch_row_content_no_spaces\u00a0\u00bb][vc_column]\n\t\t\t<!-- START Homepage Slider REVOLUTION SLIDER 6.6.20 --><p class=\"rs-p-wp-fix\"><\/p>\n\t\t\t<rs-module-wrap id=\"rev_slider_1_1_wrapper\" data-source=\"gallery\" style=\"visibility:hidden;background:transparent;padding:0;margin:0px auto;margin-top:0;margin-bottom:0;\">\n\t\t\t\t<rs-module id=\"rev_slider_1_1\" style=\"\" data-version=\"6.6.20\">\n\t\t\t\t\t<rs-slides style=\"overflow: hidden; position: absolute;\">\n\t\t\t\t\t\t<rs-slide style=\"position: absolute;\" data-key=\"rs-2\" data-title=\"Criminal Offence\" data-description=\"Main slider of Education Demo\" data-thumb=\"\/\/www.bbarryavocat.com\/index.html\/wp-content\/uploads\/2018\/10\/landscape3-100x50.jpg\" data-anim=\"adpr:false;\" data-in=\"o:0;\" data-out=\"a:false;\" data-p1=\"{{catlist}}\">\n\t\t\t\t\t\t\t<img decoding=\"async\" src=\"\/\/www.bbarryavocat.com\/index.html\/wp-content\/plugins\/revslider\/public\/assets\/assets\/dummy.png\" alt=\"\" title=\"scott-graham-5fNmWej4tAA-unsplash\" width=\"1920\" height=\"1281\" class=\"rev-slidebg tp-rs-img rs-lazyload\" data-lazyload=\"\/\/www.bbarryavocat.com\/index.html\/wp-content\/uploads\/2023\/03\/scott-graham-5fNmWej4tAA-unsplash.jpg\" data-bg=\"p:center top;\" data-parallax=\"10\" data-panzoom=\"d:30000;ss:100;se:150;\" data-no-retina>\n<!--\n\t\t\t\t\t\t\t--><rs-layer\n\t\t\t\t\t\t\t\tid=\"slider-1-slide-2-layer-1\" \n\t\t\t\t\t\t\t\tdata-type=\"text\"\n\t\t\t\t\t\t\t\tdata-color=\"rgba(255, 255, 255, 1)\"\n\t\t\t\t\t\t\t\tdata-rsp_ch=\"on\"\n\t\t\t\t\t\t\t\tdata-xy=\"x:c;xo:-6px,0,0,0;yo:133px,102px,125px,109px;\"\n\t\t\t\t\t\t\t\tdata-text=\"w:normal;s:33,40,35,30;l:46,55,35,35;fw:500,400,400,400;a:center;\"\n\t\t\t\t\t\t\t\tdata-dim=\"w:825px,600px,729px,471px;h:auto,auto,232px,auto;\"\n\t\t\t\t\t\t\t\tdata-padding=\"b:8,10,10,10;\"\n\t\t\t\t\t\t\t\tdata-frame_0=\"o:1;\"\n\t\t\t\t\t\t\t\tdata-frame_0_words=\"d:5;o:0;\"\n\t\t\t\t\t\t\t\tdata-frame_1=\"e:power4.inOut;st:850;sp:1000;sR:850;\"\n\t\t\t\t\t\t\t\tdata-frame_1_words=\"d:5;\"\n\t\t\t\t\t\t\t\tdata-frame_999=\"st:w;sp:1000;sR:6800;auto:true;\"\n\t\t\t\t\t\t\t\tdata-frame_999_mask=\"u:t;\"\n\t\t\t\t\t\t\t\tstyle=\"z-index:6;font-family:'Bai Jamjuree';\"\n\t\t\t\t\t\t\t>BBarry avocat est un cabinet situ\u00e9 dans la grande r\u00e9gion de Montr\u00e9al qui offre son expertise dans divers domaines du droit civil et commercial.<br \/>  \n\t\t\t\t\t\t\t<\/rs-layer><!--\n\n\t\t\t\t\t\t\t--><rs-layer\n\t\t\t\t\t\t\t\tid=\"slider-1-slide-2-layer-3\" \n\t\t\t\t\t\t\t\tclass=\"tp-shape tp-shapewrapper\"\n\t\t\t\t\t\t\t\tdata-type=\"shape\"\n\t\t\t\t\t\t\t\tdata-rsp_ch=\"on\"\n\t\t\t\t\t\t\t\tdata-xy=\"x:c;y:m;\"\n\t\t\t\t\t\t\t\tdata-text=\"w:normal;fw:700;\"\n\t\t\t\t\t\t\t\tdata-dim=\"w:100%;h:100%;\"\n\t\t\t\t\t\t\t\tdata-basealign=\"slide\"\n\t\t\t\t\t\t\t\tdata-frame_1=\"st:270;sp:1480;sR:270;\"\n\t\t\t\t\t\t\t\tdata-frame_999=\"o:0;st:w;sp:1010;sR:7250;\"\n\t\t\t\t\t\t\t\tstyle=\"z-index:5;background-color:rgba(0,0,0,0.45);\"\n\t\t\t\t\t\t\t> \n\t\t\t\t\t\t\t<\/rs-layer><!--\n\n\t\t\t\t\t\t\t--><a\n\t\t\t\t\t\t\t\tid=\"slider-1-slide-2-layer-5\" \n\t\t\t\t\t\t\t\tclass=\"rs-layer rev-btn\"\n\t\t\t\t\t\t\t\thref=\"https:\/\/www.bbarryavocat.com\/index.html\/contact\/\" target=\"_self\"\n\t\t\t\t\t\t\t\tdata-type=\"button\"\n\t\t\t\t\t\t\t\tdata-color=\"rgba(255, 255, 255, 1)\"\n\t\t\t\t\t\t\t\tdata-xy=\"x:c;yo:400px,320px,320px,330px;\"\n\t\t\t\t\t\t\t\tdata-text=\"s:13;l:17;ls:1px;fw:500,700,700,700;\"\n\t\t\t\t\t\t\t\tdata-rsp_bd=\"off\"\n\t\t\t\t\t\t\t\tdata-padding=\"t:10;r:22;b:10;l:22;\"\n\t\t\t\t\t\t\t\tdata-border=\"bos:solid;bow:1px,1px,1px,1px;bor:3px,3px,3px,3px;\"\n\t\t\t\t\t\t\t\tdata-frame_0=\"sX:0.8;sY:0.8;\"\n\t\t\t\t\t\t\t\tdata-frame_1=\"e:power4.out;st:2120;sp:1500;sR:2120;\"\n\t\t\t\t\t\t\t\tdata-frame_999=\"st:w;sp:1000;sR:5380;auto:true;\"\n\t\t\t\t\t\t\t\tdata-frame_999_mask=\"u:t;\"\n\t\t\t\t\t\t\t\tdata-frame_hover=\"bgc:#8a1b1b;bor:0px,0px,0px,0px;bos:solid;bow:1px,1px,1px,1px;oX:50;oY:50;e:power1.inOut;\"\n\t\t\t\t\t\t\t\tstyle=\"z-index:8;background-color:#c13330;font-family:'Bai Jamjuree';text-transform:uppercase;cursor:pointer;outline:none;box-shadow:none;box-sizing:border-box;-moz-box-sizing:border-box;-webkit-box-sizing:border-box;\"\n\t\t\t\t\t\t\t>Prendre un RDV DE CONSULTATION \n\t\t\t\t\t\t\t<\/a><!--\n-->\t\t\t\t\t\t<\/rs-slide>\n\t\t\t\t\t\t<rs-slide style=\"position: absolute;\" data-key=\"rs-1\" data-title=\"Consults\" data-description=\"Main slider of Education Demo\" data-thumb=\"\/\/www.bbarryavocat.com\/index.html\/wp-content\/uploads\/2018\/10\/landscape4-100x50.jpg\" data-anim=\"adpr:false;\" data-in=\"o:0;\" data-out=\"a:false;\" data-p1=\"{{catlist}}\">\n\t\t\t\t\t\t\t<img decoding=\"async\" src=\"\/\/www.bbarryavocat.com\/index.html\/wp-content\/plugins\/revslider\/public\/assets\/assets\/dummy.png\" alt=\"\" title=\"giammarco-boscaro-eWpBNXRHfTI-unsplash\" width=\"2400\" height=\"1600\" class=\"rev-slidebg tp-rs-img rs-lazyload\" data-lazyload=\"\/\/www.bbarryavocat.com\/index.html\/wp-content\/uploads\/2023\/03\/giammarco-boscaro-eWpBNXRHfTI-unsplash.jpg\" data-parallax=\"10\" data-no-retina>\n<!--\n\t\t\t\t\t\t\t--><rs-layer\n\t\t\t\t\t\t\t\tid=\"slider-1-slide-1-layer-1\" \n\t\t\t\t\t\t\t\tdata-type=\"text\"\n\t\t\t\t\t\t\t\tdata-color=\"rgba(255, 255, 255, 1)\"\n\t\t\t\t\t\t\t\tdata-rsp_ch=\"on\"\n\t\t\t\t\t\t\t\tdata-xy=\"x:c;xo:-1px,0,0,0;yo:112px,52px,85px,90px;\"\n\t\t\t\t\t\t\t\tdata-text=\"w:normal;s:60,60,35,30;l:75,70,45,35;fw:500,400,400,400;a:center;\"\n\t\t\t\t\t\t\t\tdata-dim=\"w:807px,726px,600px,420px;\"\n\t\t\t\t\t\t\t\tdata-padding=\"b:10;\"\n\t\t\t\t\t\t\t\tdata-frame_0=\"o:1;\"\n\t\t\t\t\t\t\t\tdata-frame_0_words=\"d:5;y:50px;o:0;\"\n\t\t\t\t\t\t\t\tdata-frame_1=\"e:power3.out;st:850;sp:1000;sR:850;\"\n\t\t\t\t\t\t\t\tdata-frame_1_words=\"d:5;\"\n\t\t\t\t\t\t\t\tdata-frame_999=\"st:w;sp:1000;sR:6850;auto:true;\"\n\t\t\t\t\t\t\t\tdata-frame_999_mask=\"u:t;\"\n\t\t\t\t\t\t\t\tstyle=\"z-index:6;font-family:'Bai Jamjuree';\"\n\t\t\t\t\t\t\t>Des services adapt\u00e9s \u00e0 vos besoins . \n\t\t\t\t\t\t\t<\/rs-layer><!--\n\n\t\t\t\t\t\t\t--><rs-layer\n\t\t\t\t\t\t\t\tid=\"slider-1-slide-1-layer-3\" \n\t\t\t\t\t\t\t\tclass=\"tp-shape tp-shapewrapper\"\n\t\t\t\t\t\t\t\tdata-type=\"shape\"\n\t\t\t\t\t\t\t\tdata-rsp_ch=\"on\"\n\t\t\t\t\t\t\t\tdata-xy=\"x:c;y:m;\"\n\t\t\t\t\t\t\t\tdata-text=\"w:normal;fw:700;\"\n\t\t\t\t\t\t\t\tdata-dim=\"w:100%;h:100%;\"\n\t\t\t\t\t\t\t\tdata-basealign=\"slide\"\n\t\t\t\t\t\t\t\tdata-frame_1=\"st:270;sp:1480;sR:270;\"\n\t\t\t\t\t\t\t\tdata-frame_999=\"o:0;st:w;sp:1010;sR:7250;\"\n\t\t\t\t\t\t\t\tstyle=\"z-index:5;background-color:rgba(0,0,0,0.25);\"\n\t\t\t\t\t\t\t> \n\t\t\t\t\t\t\t<\/rs-layer><!--\n\n\t\t\t\t\t\t\t--><a\n\t\t\t\t\t\t\t\tid=\"slider-1-slide-1-layer-5\" \n\t\t\t\t\t\t\t\tclass=\"rs-layer rev-btn\"\n\t\t\t\t\t\t\t\thref=\"http:\/\/www.bbarryavocat.com\/index.html\/domaines-services\/\" target=\"_self\"\n\t\t\t\t\t\t\t\tdata-type=\"button\"\n\t\t\t\t\t\t\t\tdata-color=\"rgba(255, 255, 255, 1)\"\n\t\t\t\t\t\t\t\tdata-xy=\"x:c;yo:409px,336px,330px,360px;\"\n\t\t\t\t\t\t\t\tdata-text=\"s:13;l:17;ls:1px,3px,1px,1px;fw:500,700,700,700;\"\n\t\t\t\t\t\t\t\tdata-rsp_bd=\"off\"\n\t\t\t\t\t\t\t\tdata-padding=\"t:10;r:22;b:10;l:22;\"\n\t\t\t\t\t\t\t\tdata-border=\"bos:solid;bow:1px,1px,1px,1px;bor:3px,3px,3px,3px;\"\n\t\t\t\t\t\t\t\tdata-frame_0=\"sX:0.8;sY:0.8;\"\n\t\t\t\t\t\t\t\tdata-frame_1=\"e:power4.out;st:2290;sp:1500;sR:2290;\"\n\t\t\t\t\t\t\t\tdata-frame_999=\"st:w;sp:1000;sR:5210;auto:true;\"\n\t\t\t\t\t\t\t\tdata-frame_999_mask=\"u:t;\"\n\t\t\t\t\t\t\t\tdata-frame_hover=\"bgc:#8a1b1b;bor:0px,0px,0px,0px;bos:solid;bow:1px,1px,1px,1px;oX:50;oY:50;e:power1.inOut;\"\n\t\t\t\t\t\t\t\tstyle=\"z-index:8;background-color:#c13330;font-family:'Bai Jamjuree';cursor:pointer;outline:none;box-shadow:none;box-sizing:border-box;-moz-box-sizing:border-box;-webkit-box-sizing:border-box;\"\n\t\t\t\t\t\t\t>CONSULTEZ NOS SERVICES \n\t\t\t\t\t\t\t<\/a><!--\n-->\t\t\t\t\t\t<\/rs-slide>\n\t\t\t\t\t<\/rs-slides>\n\t\t\t\t<\/rs-module>\n\t\t\t\t<script>\n\t\t\t\t\tsetREVStartSize({c: 'rev_slider_1_1',rl:[1240,1024,778,480],el:[600,500,500,500],gw:[1240,1024,778,480],gh:[600,500,500,500],type:'standard',justify:'',layout:'fullwidth',mh:\"0\"});if (window.RS_MODULES!==undefined && window.RS_MODULES.modules!==undefined && window.RS_MODULES.modules[\"revslider11\"]!==undefined) {window.RS_MODULES.modules[\"revslider11\"].once = false;window.revapi1 = undefined;if (window.RS_MODULES.checkMinimal!==undefined) window.RS_MODULES.checkMinimal()}\n\t\t\t\t<\/script>\n\t\t\t<\/rs-module-wrap>\n\t\t\t<!-- END REVOLUTION SLIDER -->\n[vc_empty_space][\/vc_column][\/vc_row][vc_row full_width=\u00a0\u00bbstretch_row\u00a0\u00bb equal_height=\u00a0\u00bbyes\u00a0\u00bb css=\u00a0\u00bb.vc_custom_1540297674701{border-bottom-width: 1px !important;background-position: center !important;background-repeat: no-repeat !important;background-size: cover !important;border-bottom-color: #eeeeee !important;border-bottom-style: solid !important;}\u00a0\u00bb el_class=\u00a0\u00bbservices-home\u00a0\u00bb][vc_column width=\u00a0\u00bb1\/4&Prime; offset=\u00a0\u00bbvc_col-lg-3 vc_col-xs-6&Prime; css=\u00a0\u00bb.vc_custom_1700976219758{background-color: #81d742 !important;}\u00a0\u00bb][vc_single_image image=\u00a0\u00bb1313&Prime; img_size=\u00a0\u00bbmedium\u00a0\u00bb alignment=\u00a0\u00bbcenter\u00a0\u00bb lazy_load=\u00a0\u00bbyes\u00a0\u00bb el_class=\u00a0\u00bbservices-image\u00a0\u00bb][vc_custom_heading text=\u00a0\u00bbAssurances, Transport &amp; Logistique\u00a0\u00bb font_container=\u00a0\u00bbtag:h3|text_align:left|line_height:1.2&Prime; use_theme_fonts=\u00a0\u00bbyes\u00a0\u00bb][vc_column_text 0=\u00a0\u00bb\u00a0\u00bb]Vous voulez \u00eatre bien accompagn\u00e9 pour prot\u00e9ger vos droits tout au long de la vie de votre police d&rsquo;assurance et dans les cas de litige avec l\u2019assureur? Nous mettons \u00e0 votre service notre expertise du secteur de l\u2019assurance.<\/p>\n<p>Nous conseillons \u00e9galement les petites et moyennes entreprises dans la gestion de leur risque d&rsquo;entreprise sur le plan assurantiel.[\/vc_column_text][\/vc_column][vc_column width=\u00a0\u00bb1\/4&Prime; offset=\u00a0\u00bbvc_col-lg-3 vc_col-xs-6&Prime;][vc_single_image image=\u00a0\u00bb1312&Prime; img_size=\u00a0\u00bbmedium\u00a0\u00bb alignment=\u00a0\u00bbcenter\u00a0\u00bb lazy_load=\u00a0\u00bbyes\u00a0\u00bb el_class=\u00a0\u00bbservices-image\u00a0\u00bb][vc_custom_heading text=\u00a0\u00bbLitige civil et commercial\u00a0\u00bb font_container=\u00a0\u00bbtag:h3|text_align:left|line_height:1.2&Prime; use_theme_fonts=\u00a0\u00bbyes\u00a0\u00bb][vc_column_text 0=\u00a0\u00bb\u00a0\u00bb]<span class=\"TextRun SCXW244121903 BCX0\" lang=\"FR-CA\" xml:lang=\"FR-CA\" data-contrast=\"auto\"><span class=\"NormalTextRun SCXW244121903 BCX0\">Nous intervenons dans divers types de litiges civils et commerciaux pour n\u00e9gocier en votre nom, prot\u00e9ger vos int\u00e9r\u00eats et vous repr\u00e9sente<\/span><span class=\"NormalTextRun SCXW244121903 BCX0\">r<\/span><span class=\"NormalTextRun SCXW244121903 BCX0\"> devant les tribunaux. Il peut \u00eatre question notamment de litige<\/span><span class=\"NormalTextRun SCXW244121903 BCX0\">s<\/span><span class=\"NormalTextRun SCXW244121903 BCX0\"> en <\/span><span class=\"NormalTextRun SCXW244121903 BCX0\">responsabilit\u00e9 civile, responsabilit\u00e9 environnementale, droit <\/span><span class=\"NormalTextRun SCXW244121903 BCX0\">immobilier<\/span><span class=\"NormalTextRun SCXW244121903 BCX0\">, droit des contrats, droit de la construction, droit du travail.<\/span><\/span>[\/vc_column_text][\/vc_column][vc_column width=\u00a0\u00bb1\/4&Prime; offset=\u00a0\u00bbvc_col-lg-3 vc_col-xs-6&Prime; css=\u00a0\u00bb.vc_custom_1702939397323{background-color: #1e73be !important;}\u00a0\u00bb][vc_single_image image=\u00a0\u00bb1314&Prime; img_size=\u00a0\u00bbmedium\u00a0\u00bb alignment=\u00a0\u00bbcenter\u00a0\u00bb lazy_load=\u00a0\u00bbyes\u00a0\u00bb el_class=\u00a0\u00bbservices-image\u00a0\u00bb][vc_custom_heading text=\u00a0\u00bbDroit de l&rsquo;immigration\u00a0\u00bb font_container=\u00a0\u00bbtag:h3|text_align:left|line_height:1.2&Prime; use_theme_fonts=\u00a0\u00bbyes\u00a0\u00bb][vc_column_text 0=\u00a0\u00bb\u00a0\u00bb]<span class=\"NormalTextRun SCXW185102222 BCX0\">Nous vous accompagnons pour l\u2019obtention des permis de <\/span><span class=\"NormalTextRun SCXW185102222 BCX0\">Travailleurs temporaires, travailleurs qualifi\u00e9s, \u00e9tudiants, r\u00e9sidence permanente et citoyennet\u00e9, parrainages &amp; regroupement familial.\u00a0<\/span>[\/vc_column_text][\/vc_column][vc_column width=\u00a0\u00bb1\/4&Prime;][vc_single_image image=\u00a0\u00bb1310&Prime; img_size=\u00a0\u00bbmedium\u00a0\u00bb alignment=\u00a0\u00bbcenter\u00a0\u00bb lazy_load=\u00a0\u00bbyes\u00a0\u00bb el_class=\u00a0\u00bbservices-image\u00a0\u00bb][vc_custom_heading text=\u00a0\u00bbDroit commercial\u00a0\u00bb font_container=\u00a0\u00bbtag:h3|text_align:left|line_height:1.2&Prime; use_theme_fonts=\u00a0\u00bbyes\u00a0\u00bb][vc_column_text]<span data-contrast=\"auto\">Nous assistons nos clients pour\u202f:<\/span><span data-ccp-props=\"{&quot;201341983&quot;:0,&quot;335559685&quot;:720,&quot;335559739&quot;:160,&quot;335559740&quot;:259}\">\u00a0<\/span><\/p>\n<p><span data-contrast=\"auto\">La r\u00e9daction de divers contrats commerciaux <\/span>de vente,<\/p>\n<ul>\n<li>de baux commerciaux,<\/li>\n<li>de distribution\u2026<span data-ccp-props=\"{&quot;201341983&quot;:0,&quot;335559739&quot;:160,&quot;335559740&quot;:259}\">\u00a0<\/span><\/li>\n<\/ul>\n<p><span data-contrast=\"auto\">Pr\u00e9paration de lettre d\u2019intention ou d\u2019offre;<\/span><span data-ccp-props=\"{&quot;201341983&quot;:0,&quot;335559739&quot;:160,&quot;335559740&quot;:259}\">\u00a0<\/span><\/p>\n<p><span data-contrast=\"auto\">Assistance dans les n\u00e9gociations commerciales,<\/span><span data-ccp-props=\"{&quot;201341983&quot;:0,&quot;335559739&quot;:160,&quot;335559740&quot;:259}\">\u00a0<\/span>[\/vc_column_text][\/vc_column][\/vc_row][vc_row full_width=\u00a0\u00bbstretch_row\u00a0\u00bb parallax=\u00a0\u00bbcontent-moving\u00a0\u00bb parallax_image=\u00a0\u00bb1326&Prime; css=\u00a0\u00bb.vc_custom_1700965927524{padding-top: 25px !important;padding-bottom: 25px !important;background-position: center;background-repeat: no-repeat !important;background-size: cover !important;}\u00a0\u00bb][vc_column width=\u00a0\u00bb1\/2&Prime; offset=\u00a0\u00bbvc_col-lg-6 vc_col-xs-12&Prime;][vc_custom_heading text=\u00a0\u00bbDemander un rendez-vous.\u00a0\u00bb font_container=\u00a0\u00bbtag:h2|text_align:left|color:%23ffffff|line_height:1.2&Prime; use_theme_fonts=\u00a0\u00bbyes\u00a0\u00bb el_class=\u00a0\u00bbpage-title\u00a0\u00bb][vc_column_text css=\u00a0\u00bb.vc_custom_1701317376455{background-image: url(http:\/\/www.bbarryavocat.com\/index.html\/wp-content\/uploads\/2023\/11\/background-2.jpg?id=1326) !important;}\u00a0\u00bb][\/vc_column_text][vc_btn title=\u00a0\u00bbPrendre un rendez-vous\u00a0\u00bb shape=\u00a0\u00bbround\u00a0\u00bb color=\u00a0\u00bbblack\u00a0\u00bb link=\u00a0\u00bburl:http%3A%2F%2Fwww.bbarryavocat.com%2Findex.html%2Fcontact%2F|title:Projects\u00a0\u00bb el_class=\u00a0\u00bbconsultation-button\u00a0\u00bb][\/vc_column][vc_column width=\u00a0\u00bb1\/2&Prime;][\/vc_column][\/vc_row]<\/p>\n<\/div>","protected":false},"excerpt":{"rendered":"<p>[vc_row full_width=\u00a0\u00bbstretch_row_content_no_spaces\u00a0\u00bb][vc_column][vc_empty_space][\/vc_column][\/vc_row][vc_row full_width=\u00a0\u00bbstretch_row\u00a0\u00bb equal_height=\u00a0\u00bbyes\u00a0\u00bb css=\u00a0\u00bb.vc_custom_1540297674701{border-bottom-width: 1px !important;background-position: center !important;background-repeat: no-repeat !important;background-size: cover !important;border-bottom-color: #eeeeee !important;border-bottom-style: solid !important;}\u00a0\u00bb el_class=\u00a0\u00bbservices-home\u00a0\u00bb][vc_column width=\u00a0\u00bb1\/4&Prime; offset=\u00a0\u00bbvc_col-lg-3 vc_col-xs-6&Prime; css=\u00a0\u00bb.vc_custom_1700976219758{background-color: #81d742 !important;}\u00a0\u00bb][vc_single_image image=\u00a0\u00bb1313&Prime; img_size=\u00a0\u00bbmedium\u00a0\u00bb alignment=\u00a0\u00bbcenter\u00a0\u00bb lazy_load=\u00a0\u00bbyes\u00a0\u00bb el_class=\u00a0\u00bbservices-image\u00a0\u00bb][vc_custom_heading text=\u00a0\u00bbAssurances, Transport &amp; Logistique\u00a0\u00bb font_container=\u00a0\u00bbtag:h3|text_align:left|line_height:1.2&Prime; use_theme_fonts=\u00a0\u00bbyes\u00a0\u00bb][vc_column_text 0=\u00a0\u00bb\u00a0\u00bb]Vous voulez \u00eatre bien accompagn\u00e9 pour prot\u00e9ger vos droits tout au long de la vie de votre police d&rsquo;assurance et&hellip;<\/p>\n","protected":false},"author":1,"featured_media":0,"parent":0,"menu_order":0,"comment_status":"closed","ping_status":"closed","template":"","meta":{"_acf_changed":false,"footnotes":""},"class_list":["post-21","page","type-page","status-publish","hentry"],"acf":[],"_links":{"self":[{"href":"https:\/\/www.bbarryavocat.com\/index.html\/wp-json\/wp\/v2\/pages\/21","targetHints":{"allow":["GET"]}}],"collection":[{"href":"https:\/\/www.bbarryavocat.com\/index.html\/wp-json\/wp\/v2\/pages"}],"about":[{"href":"https:\/\/www.bbarryavocat.com\/index.html\/wp-json\/wp\/v2\/types\/page"}],"author":[{"embeddable":true,"href":"https:\/\/www.bbarryavocat.com\/index.html\/wp-json\/wp\/v2\/users\/1"}],"replies":[{"embeddable":true,"href":"https:\/\/www.bbarryavocat.com\/index.html\/wp-json\/wp\/v2\/comments?post=21"}],"version-history":[{"count":54,"href":"https:\/\/www.bbarryavocat.com\/index.html\/wp-json\/wp\/v2\/pages\/21\/revisions"}],"predecessor-version":[{"id":1445,"href":"https:\/\/www.bbarryavocat.com\/index.html\/wp-json\/wp\/v2\/pages\/21\/revisions\/1445"}],"wp:attachment":[{"href":"https:\/\/www.bbarryavocat.com\/index.html\/wp-json\/wp\/v2\/media?parent=21"}],"curies":[{"name":"wp","href":"https:\/\/api.w.org\/{rel}","templated":true}]}}